{"id":4474,"date":"2020-06-15T14:21:50","date_gmt":"2020-06-15T14:21:50","guid":{"rendered":"http:\/\/fisioterapiaqualis.es\/?page_id=4474"},"modified":"2020-06-15T14:25:56","modified_gmt":"2020-06-15T14:25:56","slug":"fisioterapia-musculo-esqueletica","status":"publish","type":"page","link":"https:\/\/fisioterapiaqualis.es\/?page_id=4474","title":{"rendered":"Fisioterapia Musculo-esquel\u00e9tica"},"content":{"rendered":"<p>[vc_row][vc_column width=\u00bb1\/2&#8243;][vc_single_image image=\u00bb4300&#8243; img_size=\u00bb500&#215;500&#8243;][\/vc_column][vc_column width=\u00bb1\/2&#8243;][vc_column_text]<\/p>\n<h5 class=\"western\">FISIOTERAPIA M\u00daSCULO &#8211; ESQUEL\u00c9TICA<\/h5>\n<p><span style=\"font-size: medium;\">La fisioterapia musculo-esquel\u00e9tica se basa en el proceso de evaluaci\u00f3n, diagn\u00f3stico y tratamiento individualizado de diversas patolog\u00edas o afecciones que se pueden dar por distintos mecanismos de acci\u00f3n o tambi\u00e9n cambios estructurales o diferencias funcionales derivados de una enfermedad. <\/span><\/p>\n<h4><span style=\"font-size: medium;\"><u><b>Causas comunes: <\/b><\/u><\/span><\/h4>\n<ul>\n<li><span style=\"font-size: medium;\">Traumatismos.<\/span><\/li>\n<li><span style=\"font-size: medium;\">Mecanismos de repetici\u00f3n. <\/span><\/li>\n<li><span style=\"font-size: medium;\">Inmovilizaciones.<\/span><\/li>\n<li><span style=\"font-size: medium;\">Inflamaciones.<\/span><\/li>\n<li><span style=\"font-size: medium;\">Rotura de fibras musculares. <\/span><\/li>\n<li><span style=\"font-size: medium;\">Limitaciones por dolor.<\/span><\/li>\n<li><span style=\"font-size: medium;\">Acortamiento y rigidez muscular.<\/span><\/li>\n<li><span style=\"font-size: medium;\">Alteraci\u00f3n de la est\u00e1tica corporal.<\/span><\/li>\n<\/ul>\n<p>[\/vc_column_text][\/vc_column][\/vc_row]<\/p>\n","protected":false},"excerpt":{"rendered":"<p>[vc_row][vc_column width=\u00bb1\/2&#8243;][vc_single_image image=\u00bb4300&#8243; img_size=\u00bb500&#215;500&#8243;][\/vc_column][vc_column width=\u00bb1\/2&#8243;][vc_column_text] FISIOTERAPIA M\u00daSCULO &#8211; ESQUEL\u00c9TICA La fisioterapia musculo-esquel\u00e9tica se basa en el proceso de evaluaci\u00f3n, diagn\u00f3stico&#8230;<\/p>\n","protected":false},"author":1,"featured_media":0,"parent":0,"menu_order":0,"comment_status":"closed","ping_status":"closed","template":"","meta":{"_monsterinsights_skip_tracking":false,"_monsterinsights_sitenote_active":false,"_monsterinsights_sitenote_note":"","_monsterinsights_sitenote_category":0,"footnotes":""},"class_list":["post-4474","page","type-page","status-publish","hentry"],"_links":{"self":[{"href":"https:\/\/fisioterapiaqualis.es\/index.php?rest_route=\/wp\/v2\/pages\/4474","targetHints":{"allow":["GET"]}}],"collection":[{"href":"https:\/\/fisioterapiaqualis.es\/index.php?rest_route=\/wp\/v2\/pages"}],"about":[{"href":"https:\/\/fisioterapiaqualis.es\/index.php?rest_route=\/wp\/v2\/types\/page"}],"author":[{"embeddable":true,"href":"https:\/\/fisioterapiaqualis.es\/index.php?rest_route=\/wp\/v2\/users\/1"}],"replies":[{"embeddable":true,"href":"https:\/\/fisioterapiaqualis.es\/index.php?rest_route=%2Fwp%2Fv2%2Fcomments&post=4474"}],"version-history":[{"count":4,"href":"https:\/\/fisioterapiaqualis.es\/index.php?rest_route=\/wp\/v2\/pages\/4474\/revisions"}],"predecessor-version":[{"id":4478,"href":"https:\/\/fisioterapiaqualis.es\/index.php?rest_route=\/wp\/v2\/pages\/4474\/revisions\/4478"}],"wp:attachment":[{"href":"https:\/\/fisioterapiaqualis.es\/index.php?rest_route=%2Fwp%2Fv2%2Fmedia&parent=4474"}],"curies":[{"name":"wp","href":"https:\/\/api.w.org\/{rel}","templated":true}]}}