{"id":4446,"date":"2020-06-15T13:56:26","date_gmt":"2020-06-15T13:56:26","guid":{"rendered":"http:\/\/fisioterapiaqualis.es\/?page_id=4446"},"modified":"2020-09-07T13:09:08","modified_gmt":"2020-09-07T13:09:08","slug":"hipopresivos","status":"publish","type":"page","link":"https:\/\/fisioterapiaqualis.es\/?page_id=4446","title":{"rendered":"GIMNASIA ABDOMINAL HIPOPRESIVA"},"content":{"rendered":"<p>[vc_row][vc_column width=\u00bb1\/2&#8243;][vc_single_image image=\u00bb4541&#8243; img_size=\u00bb500&#215;500&#8243;][\/vc_column][vc_column width=\u00bb1\/2&#8243;][vc_column_text]<\/p>\n<h5 class=\"western\">HIPOPRESIVOS:<\/h5>\n<p><span style=\"font-size: medium;\">La gimnasia abdominal hipopresiva fue introducida en Espa\u00f1a por el doctor Marcel Caufriez en los a\u00f1os 80 siendo aplicado inicialmente para la rehabilitaci\u00f3n de la mujer en el postparto. Actualmente, debido a sus m\u00faltiples beneficios se ha ampliado su aplicaci\u00f3n a otras patolog\u00edas y al mundo del deporte.<\/span><\/p>\n<p><span style=\"font-size: medium;\">Es un m\u00e9todo principalmente postural con el que se pretende mejorar el tono de la musculatura abdominal, consiguiendo un abdomen sano y tonificado.<\/span><\/p>\n<p><span style=\"font-size: medium;\">La gimnasia abdominal hipopresiva disminuye la presi\u00f3n de la cavidad abdominal y el \u00e1rea p\u00e9lvica. Adem\u00e1s, act\u00faa sobre la musculatura del suelo p\u00e9lvico fortaleci\u00e9ndola, mejorando tensiones fasciales abdominales y p\u00e9lvicas<\/span>[\/vc_column_text][\/vc_column][\/vc_row][vc_row][vc_column][vc_column_text]<span style=\"font-size: medium;\">Este m\u00e9todo terap\u00e9utico se suele usar para:<\/span><\/p>\n<ul>\n<li><span style=\"font-size: medium;\">Rehabilitaci\u00f3n de la di\u00e1stasis abdominal y prevenci\u00f3n de hernias.<\/span><\/li>\n<li><span style=\"font-size: medium;\">Mejorar el sistema circulatorio de miembros inferiores y pelvis.<\/span><\/li>\n<li><span style=\"font-size: medium;\">Tratamiento coadyuvante en lesiones de suelo p\u00e9lvico.<\/span><\/li>\n<li><span style=\"font-size: medium;\">Aumentar la capacidad pulmonar y el rendimiento deportivo.<\/span><\/li>\n<li><span style=\"font-size: medium;\">Mejorar el sistema sexual.<\/span><\/li>\n<li><span style=\"font-size: medium;\">Reeducaci\u00f3n postural y reducci\u00f3n de dolor de espalda.<\/span><\/li>\n<li><span style=\"font-size: medium;\">Tratamientos pre y postparto.<\/span><\/li>\n<li><span style=\"font-size: medium;\">Equilibrio de presiones tras actividad f\u00edsica de alto impacto. <\/span><\/li>\n<\/ul>\n<p>[\/vc_column_text][\/vc_column][\/vc_row]<\/p>\n","protected":false},"excerpt":{"rendered":"<p>[vc_row][vc_column width=\u00bb1\/2&#8243;][vc_single_image image=\u00bb4541&#8243; img_size=\u00bb500&#215;500&#8243;][\/vc_column][vc_column width=\u00bb1\/2&#8243;][vc_column_text] HIPOPRESIVOS: La gimnasia abdominal hipopresiva fue introducida en Espa\u00f1a por el doctor Marcel Caufriez en&#8230;<\/p>\n","protected":false},"author":1,"featured_media":0,"parent":0,"menu_order":0,"comment_status":"closed","ping_status":"closed","template":"","meta":{"_monsterinsights_skip_tracking":false,"_monsterinsights_sitenote_active":false,"_monsterinsights_sitenote_note":"","_monsterinsights_sitenote_category":0,"footnotes":""},"class_list":["post-4446","page","type-page","status-publish","hentry"],"_links":{"self":[{"href":"https:\/\/fisioterapiaqualis.es\/index.php?rest_route=\/wp\/v2\/pages\/4446","targetHints":{"allow":["GET"]}}],"collection":[{"href":"https:\/\/fisioterapiaqualis.es\/index.php?rest_route=\/wp\/v2\/pages"}],"about":[{"href":"https:\/\/fisioterapiaqualis.es\/index.php?rest_route=\/wp\/v2\/types\/page"}],"author":[{"embeddable":true,"href":"https:\/\/fisioterapiaqualis.es\/index.php?rest_route=\/wp\/v2\/users\/1"}],"replies":[{"embeddable":true,"href":"https:\/\/fisioterapiaqualis.es\/index.php?rest_route=%2Fwp%2Fv2%2Fcomments&post=4446"}],"version-history":[{"count":5,"href":"https:\/\/fisioterapiaqualis.es\/index.php?rest_route=\/wp\/v2\/pages\/4446\/revisions"}],"predecessor-version":[{"id":4543,"href":"https:\/\/fisioterapiaqualis.es\/index.php?rest_route=\/wp\/v2\/pages\/4446\/revisions\/4543"}],"wp:attachment":[{"href":"https:\/\/fisioterapiaqualis.es\/index.php?rest_route=%2Fwp%2Fv2%2Fmedia&parent=4446"}],"curies":[{"name":"wp","href":"https:\/\/api.w.org\/{rel}","templated":true}]}}