{"id":4441,"date":"2020-06-15T13:53:22","date_gmt":"2020-06-15T13:53:22","guid":{"rendered":"http:\/\/fisioterapiaqualis.es\/?page_id=4441"},"modified":"2020-08-27T09:43:49","modified_gmt":"2020-08-27T09:43:49","slug":"fisioterapia-segun-metodo-pilates","status":"publish","type":"page","link":"https:\/\/fisioterapiaqualis.es\/?page_id=4441","title":{"rendered":"FISIOTERAPIA SEG\u00daN M\u00c9TODO PILATES"},"content":{"rendered":"<p>[vc_row][vc_column width=\u00bb1\/2&#8243;][vc_column_text]<span style=\"color: #623412;\"><strong>Pilates con m\u00e1quinas<\/strong><\/span>[\/vc_column_text][vc_single_image image=\u00bb4505&#8243; img_size=\u00bb500&#215;500&#8243; add_caption=\u00bbyes\u00bb][\/vc_column][vc_column width=\u00bb1\/2&#8243;][vc_column_text]<\/p>\n<h5 class=\"western\">FISIOTERAPIA SEG\u00daN M\u00c9TODO PILATES<\/h5>\n<p>El m\u00e9todo Pilates consiste en la adquisici\u00f3n de nuevos patrones inconscientes de movimiento y postura que sean m\u00e1s eficientes, mediante la integraci\u00f3n mente-cuerpo en un trabajo f\u00edsico concentrado, sintiendo que parte con la estabilizaci\u00f3n, fortalecimiento y control de la regi\u00f3n abdomino-lumbar.<\/p>\n<p>En el m\u00e9todo Pilates se trabaja con una serie de posturas, ejercicios relacionados entre s\u00ed, con el fin de mejorar la circulaci\u00f3n, la flexibilidad y fortalecer zonas espec\u00edficas del cuerpo.<\/p>\n<p>El resultado es un cuerpo equilibrado y alineado, que se ve en forma, revitalizado movi\u00e9ndose con mayor facilidad. Se aplican los principios b\u00e1sicos del M\u00e9todo Pilates por medio de clases de Pilates M\u00e1quina y\/o Pilates Suelo.<\/p>\n<p>Se realizar\u00e1n valoraciones espec\u00edficas para adecuar el nivel de la terapia al paciente.[\/vc_column_text][\/vc_column][\/vc_row][vc_row][vc_column width=\u00bb1\/2&#8243;][vc_column_text]<span style=\"color: #623412;\"><strong>Pilates en suelo<\/strong><\/span>[\/vc_column_text][vc_single_image image=\u00bb4506&#8243; img_size=\u00bb500&#215;500&#8243; add_caption=\u00bbyes\u00bb][\/vc_column][vc_column width=\u00bb1\/2&#8243;][vc_column_text]<\/p>\n<h4><span style=\"font-size: medium;\"><u><b>Aplicaciones: <\/b><\/u><\/span><\/h4>\n<ul>\n<li><span style=\"font-size: medium;\">Dolor cr\u00f3nico. <\/span><\/li>\n<li><span style=\"font-size: medium;\">Problemas respiratorios.<\/span><\/li>\n<li><span style=\"font-size: medium;\">Fibromialgia.<\/span><\/li>\n<li><span style=\"font-size: medium;\">Patolog\u00edas de espalda. <\/span><\/li>\n<li><span style=\"font-size: medium;\">Patolog\u00edas neurol\u00f3gicas.<\/span><\/li>\n<li><span style=\"font-size: medium;\">Correcci\u00f3n postural.<\/span><\/li>\n<li><span style=\"font-size: medium;\">Patolog\u00edas degenerativas.<\/span><\/li>\n<li><span style=\"font-size: medium;\">Mantenimiento de un estado de forma \u00f3ptimo y de bienestar.<\/span><\/li>\n<li><span style=\"font-size: medium;\">Fase de preparto y postparto. <\/span><\/li>\n<\/ul>\n<p>[\/vc_column_text][vc_column_text]<\/p>\n<h4><span style=\"font-size: medium;\"><u><b>Beneficios: <\/b><\/u><\/span><\/h4>\n<ul>\n<li><span style=\"font-size: medium;\">M\u00fasculos largos y fibrosos.<\/span><\/li>\n<li><span style=\"font-size: medium;\">Cuerpo estable y tonificado.<\/span><\/li>\n<li><span style=\"font-size: medium;\">Prevenci\u00f3n de lesiones.<\/span><\/li>\n<li><span style=\"font-size: medium;\">Alivio del estr\u00e9s y la ansiedad causada por el dolor. <\/span><\/li>\n<li><span style=\"font-size: medium;\">Mejora la postura, equilibrio y coordinaci\u00f3n.<\/span><\/li>\n<li><span style=\"font-size: medium;\">Facilita la actividad cerebral.<\/span><\/li>\n<li><span style=\"font-size: medium;\">Complementa la actividad deportiva.<\/span><\/li>\n<\/ul>\n<p>[\/vc_column_text][\/vc_column][\/vc_row]<\/p>\n","protected":false},"excerpt":{"rendered":"<p>[vc_row][vc_column width=\u00bb1\/2&#8243;][vc_column_text]Pilates con m\u00e1quinas[\/vc_column_text][vc_single_image image=\u00bb4505&#8243; img_size=\u00bb500&#215;500&#8243; add_caption=\u00bbyes\u00bb][\/vc_column][vc_column width=\u00bb1\/2&#8243;][vc_column_text] FISIOTERAPIA SEG\u00daN M\u00c9TODO PILATES El m\u00e9todo Pilates consiste en la adquisici\u00f3n de&#8230;<\/p>\n","protected":false},"author":1,"featured_media":0,"parent":0,"menu_order":0,"comment_status":"closed","ping_status":"closed","template":"","meta":{"_monsterinsights_skip_tracking":false,"_monsterinsights_sitenote_active":false,"_monsterinsights_sitenote_note":"","_monsterinsights_sitenote_category":0,"footnotes":""},"class_list":["post-4441","page","type-page","status-publish","hentry"],"_links":{"self":[{"href":"https:\/\/fisioterapiaqualis.es\/index.php?rest_route=\/wp\/v2\/pages\/4441","targetHints":{"allow":["GET"]}}],"collection":[{"href":"https:\/\/fisioterapiaqualis.es\/index.php?rest_route=\/wp\/v2\/pages"}],"about":[{"href":"https:\/\/fisioterapiaqualis.es\/index.php?rest_route=\/wp\/v2\/types\/page"}],"author":[{"embeddable":true,"href":"https:\/\/fisioterapiaqualis.es\/index.php?rest_route=\/wp\/v2\/users\/1"}],"replies":[{"embeddable":true,"href":"https:\/\/fisioterapiaqualis.es\/index.php?rest_route=%2Fwp%2Fv2%2Fcomments&post=4441"}],"version-history":[{"count":8,"href":"https:\/\/fisioterapiaqualis.es\/index.php?rest_route=\/wp\/v2\/pages\/4441\/revisions"}],"predecessor-version":[{"id":4519,"href":"https:\/\/fisioterapiaqualis.es\/index.php?rest_route=\/wp\/v2\/pages\/4441\/revisions\/4519"}],"wp:attachment":[{"href":"https:\/\/fisioterapiaqualis.es\/index.php?rest_route=%2Fwp%2Fv2%2Fmedia&parent=4441"}],"curies":[{"name":"wp","href":"https:\/\/api.w.org\/{rel}","templated":true}]}}