{"id":4437,"date":"2020-06-15T13:49:56","date_gmt":"2020-06-15T13:49:56","guid":{"rendered":"http:\/\/fisioterapiaqualis.es\/?page_id=4437"},"modified":"2020-06-15T13:51:29","modified_gmt":"2020-06-15T13:51:29","slug":"ejercicio-terapeutico","status":"publish","type":"page","link":"https:\/\/fisioterapiaqualis.es\/?page_id=4437","title":{"rendered":"EJERCICIO TERAP\u00c9UTICO"},"content":{"rendered":"<p>[vc_row][vc_column width=\u00bb1\/2&#8243;][vc_single_image image=\u00bb4285&#8243; img_size=\u00bb500&#215;500&#8243;][\/vc_column][vc_column width=\u00bb1\/2&#8243;][vc_column_text]<\/p>\n<h5 class=\"western\">EJERCICIO TERAP\u00c9UTICO<\/h5>\n<p>El objetivo de un programa de ejercicio terap\u00e9utico es conseguir movimientos y funcionalidad asintom\u00e1tica. Con el ejercicio terap\u00e9utico se previene la patolog\u00eda y\/o disfunci\u00f3n, se desarrolla y mantiene las capacidades de: fuerza, resistencia f\u00edsica, aer\u00f3bica y anaer\u00f3bica, movilidad articular, flexibilidad, estabilidad articular, relajaci\u00f3n, coordinaci\u00f3n, equilibrio y destrezas funcionales.<\/p>\n<p>El ejercicio terap\u00e9utico es una de las herramientas espec\u00edficas y propias de la fisioterapia como disciplina sanitaria para cumplir los objetivos prevenir, tratar y reeducar las consecuencias de las alteraciones del estado de salud en el movimiento.<\/p>\n<p>Adem\u00e1s, el ejercicio terap\u00e9utico es una parte de la fisioterapia muy usada como m\u00e9todo de tratamiento en el dolor cr\u00f3nico y agudo.[\/vc_column_text][\/vc_column][\/vc_row]<\/p>\n","protected":false},"excerpt":{"rendered":"<p>[vc_row][vc_column width=\u00bb1\/2&#8243;][vc_single_image image=\u00bb4285&#8243; img_size=\u00bb500&#215;500&#8243;][\/vc_column][vc_column width=\u00bb1\/2&#8243;][vc_column_text] EJERCICIO TERAP\u00c9UTICO El objetivo de un programa de ejercicio terap\u00e9utico es conseguir movimientos y funcionalidad&#8230;<\/p>\n","protected":false},"author":1,"featured_media":0,"parent":0,"menu_order":0,"comment_status":"closed","ping_status":"closed","template":"","meta":{"_monsterinsights_skip_tracking":false,"_monsterinsights_sitenote_active":false,"_monsterinsights_sitenote_note":"","_monsterinsights_sitenote_category":0,"footnotes":""},"class_list":["post-4437","page","type-page","status-publish","hentry"],"_links":{"self":[{"href":"https:\/\/fisioterapiaqualis.es\/index.php?rest_route=\/wp\/v2\/pages\/4437","targetHints":{"allow":["GET"]}}],"collection":[{"href":"https:\/\/fisioterapiaqualis.es\/index.php?rest_route=\/wp\/v2\/pages"}],"about":[{"href":"https:\/\/fisioterapiaqualis.es\/index.php?rest_route=\/wp\/v2\/types\/page"}],"author":[{"embeddable":true,"href":"https:\/\/fisioterapiaqualis.es\/index.php?rest_route=\/wp\/v2\/users\/1"}],"replies":[{"embeddable":true,"href":"https:\/\/fisioterapiaqualis.es\/index.php?rest_route=%2Fwp%2Fv2%2Fcomments&post=4437"}],"version-history":[{"count":3,"href":"https:\/\/fisioterapiaqualis.es\/index.php?rest_route=\/wp\/v2\/pages\/4437\/revisions"}],"predecessor-version":[{"id":4440,"href":"https:\/\/fisioterapiaqualis.es\/index.php?rest_route=\/wp\/v2\/pages\/4437\/revisions\/4440"}],"wp:attachment":[{"href":"https:\/\/fisioterapiaqualis.es\/index.php?rest_route=%2Fwp%2Fv2%2Fmedia&parent=4437"}],"curies":[{"name":"wp","href":"https:\/\/api.w.org\/{rel}","templated":true}]}}