{"id":4410,"date":"2020-06-15T12:52:59","date_gmt":"2020-06-15T12:52:59","guid":{"rendered":"http:\/\/fisioterapiaqualis.es\/?page_id=4410"},"modified":"2020-06-15T13:48:39","modified_gmt":"2020-06-15T13:48:39","slug":"fisioterapia-uroginecologia-y-obstetricia","status":"publish","type":"page","link":"https:\/\/fisioterapiaqualis.es\/?page_id=4410","title":{"rendered":"FISIOTERAPIA UROGINECOLOG\u00cdA Y OBSTETRICIA"},"content":{"rendered":"<p>[vc_row][vc_column width=\u00bb1\/2&#8243;][vc_single_image image=\u00bb4293&#8243; img_size=\u00bb500&#215;500&#8243;][\/vc_column][vc_column width=\u00bb1\/2&#8243;][vc_column_text]<\/p>\n<h5 class=\"western\">FISIOTERAPIA UROGINECOLOG\u00cdA Y OBSTETRICIA<\/h5>\n<p><span style=\"font-size: medium;\">La funci\u00f3n de la FISIOTERAPIA EN UROGINECOLOG\u00cdA y en OBSTETRICIA es evaluar, prevenir y tratar todas las estructuras del suelo p\u00e9lvico adem\u00e1s de desarrollar un programa de rehabilitaci\u00f3n que normalice las estructuras a las que est\u00e1 \u00edntimamente ligado como es la musculatura abdominal, columna lumbar o diafragma favoreciendo as\u00ed sus m\u00faltiples funciones.<\/span><\/p>\n<p><span style=\"font-size: medium;\">Las principales funciones del suelo p\u00e9lvico son:<\/span><\/p>\n<ul>\n<li><span style=\"font-size: medium;\">Dar soporte a las v\u00edsceras abdominales y p\u00e9lvicas.<\/span><\/li>\n<li><span style=\"font-size: medium;\">Funci\u00f3n esfinteriana, evitando escapes de orina, heces y gases.<\/span><\/li>\n<li><span style=\"font-size: medium;\">Obst\u00e9trica: permite el desarrollo del parto y es la \u00faltima barrera que atraviesa el beb\u00e9.<\/span><\/li>\n<li><span style=\"font-size: medium;\">Funci\u00f3n sexual.<\/span><\/li>\n<li><span style=\"font-size: medium;\">Estabilizaci\u00f3n lumbop\u00e9lvica, trabajando de manera conjunta con la musculatura abdominal.<\/span><\/li>\n<\/ul>\n<p>[\/vc_column_text][\/vc_column][\/vc_row][vc_row][vc_column][vc_column_text]<span style=\"font-size: medium;\">La alteraci\u00f3n de estas funciones aparece en diferentes etapas de nuestra vida, y por diferentes causas como pueden ser entre otras, los partos instrumentales, el ejercicio f\u00edsico de alto impacto o hiperpresivo, cambios hormonales o patolog\u00edas lumbares.<\/span><\/p>\n<p><span style=\"font-size: medium;\"> Las disfunciones del suelo p\u00e9lvico m\u00e1s frecuentes a tratar son:<\/span><\/p>\n<h3><span style=\"font-size: medium;\"><u><b>Patolog\u00edas principales<\/b><\/u><\/span><\/h3>\n<p>[\/vc_column_text][\/vc_column][\/vc_row][vc_row gap=\u00bb5&#8243; full_height=\u00bbyes\u00bb columns_placement=\u00bbtop\u00bb equal_height=\u00bbyes\u00bb][vc_column width=\u00bb1\/3&#8243; css=\u00bb.vc_custom_1592228589535{background-color: #edd8ce !important;border-radius: 1px !important;}\u00bb][vc_column_text]<\/p>\n<h5><span style=\"font-size: medium;\">ALTERACIONES GINECOL\u00d3GICAS.<\/span><\/h5>\n<p><span style=\"font-size: medium;\">Dismenorrea, s\u00edndrome premenstrual, adherencias post quir\u00fargicas, complicaciones post quir\u00fargicas sobre genitales externos (cirug\u00eda valvar, episiorrafia, colporrafias),<\/span> <span style=\"font-size: medium;\">disfunciones sexuales (dispareunias, anorgasmia, vaginismo, etc.), afecciones oncol\u00f3gicas (mastectom\u00edas y secuelas), varices p\u00e9lvicas, prolapsos de \u00f3rganos p\u00e9lvicos, procesos menop\u00e1usicos y post menop\u00e1usicos.<\/span>[\/vc_column_text][\/vc_column][vc_column width=\u00bb1\/3&#8243; css=\u00bb.vc_custom_1592228581243{background-color: #edd8ce !important;}\u00bb][vc_column_text css=\u00bb.vc_custom_1592228786163{background-color: #edd8ce !important;}\u00bb]<\/p>\n<h5><span style=\"font-size: medium;\">ALTERACIONES UROL\u00d3GICAS.<\/span><\/h5>\n<p><span style=\"font-size: medium;\">Disinergias, s\u00edndromes de dolor vesical, s\u00edndrome uretral, incontinencias urinarias (incontinencias urinarias de esfuerzo, incontinencias urinarias urgentes, mixtas).<\/span>[\/vc_column_text][\/vc_column][vc_column width=\u00bb1\/3&#8243; css=\u00bb.vc_custom_1592228641322{background-color: #edd8ce !important;}\u00bb][vc_column_text]<\/p>\n<h5><span style=\"font-size: medium;\">ALTERACIONES GASTROINTESTINALES.<\/span><\/h5>\n<p><span style=\"font-size: medium;\">S\u00edndrome del intestino irritable, enfermedades inflamatorias intestinales, adherencias post cirug\u00eda, enfermedad diverticular, endometriosis intestinal, isquemia intestinal, incontinencias fecales grado I y grado II.<\/span>[\/vc_column_text][\/vc_column][\/vc_row][vc_row gap=\u00bb5&#8243; equal_height=\u00bbyes\u00bb css=\u00bb.vc_custom_1592228890824{margin-top: -550px !important;}\u00bb][vc_column width=\u00bb1\/3&#8243; css=\u00bb.vc_custom_1592228649818{background-color: #edd8ce !important;}\u00bb][vc_column_text]<\/p>\n<h5><span style=\"font-size: medium;\">ALTERACIONES MUSCULO-ESQUEL\u00c9TICOS.<\/span><\/h5>\n<p><span style=\"font-size: medium;\">Procesos reum\u00e1ticos, procesos traum\u00e1ticos, hipoton\u00eda\/hiperton\u00eda, disfunciones sexuales (dispareunias, anorgasmia, vaginismo, etc.), lesi\u00f3n neurol\u00f3gica (neuralgia del pudendo), alteraci\u00f3n del control motor, s\u00edndrome miofascial de la pared abdominal, s\u00edndromes miofasciales de la cavidad p\u00e9lvica, dolor lumbosacro, dolor p\u00e9lvico cr\u00f3nico y dolor perineal post parto.<\/span>[\/vc_column_text][\/vc_column][vc_column width=\u00bb1\/3&#8243; css=\u00bb.vc_custom_1592228656916{background-color: #edd8ce !important;}\u00bb][vc_column_text]<\/p>\n<h5><span style=\"font-size: medium;\">PROCESO DEL EMBARAZO Y POST-PARTO.<\/span><\/h5>\n<p><span style=\"font-size: medium;\">Preparaci\u00f3n para el parto, recuperaci\u00f3n del perin\u00e9 y el abdomen tras el parto, secuelas post parto del perin\u00e9 (dolor, prolapsos, dispareunias, lesiones dermatol\u00f3gicas, disfunciones urol\u00f3gicas, episiotom\u00edas, desgarros) y secuelas producidas por una ces\u00e1rea.<\/span>[\/vc_column_text][\/vc_column][vc_column width=\u00bb1\/3&#8243;][\/vc_column][\/vc_row][vc_row][vc_column][vc_column_text]<\/p>\n<h4><span style=\"font-size: medium;\"><u><b>Tratamientos:<\/b><\/u><\/span><\/h4>\n<p><span style=\"font-size: medium;\">Para un buen tratamiento especializado, es importante realizar una buena valoraci\u00f3n inicial uroginecol\u00f3gica de cada paciente. En el caso del postparto, se recomienda realizar una valoraci\u00f3n inmediatamente despu\u00e9s del periodo de cuarentena (independientemente de c\u00f3mo haya sido el parto e incluso tras una ces\u00e1rea) ya que siempre es mejor tratar la zona lo antes posible y antes de la vuelta a la rutina. <\/span><\/p>\n<p><span style=\"font-size: medium;\">Dentro de los m\u00e9todos de tratamiento que se utilizan, se encuentran: educaci\u00f3n del suelo p\u00e9lvico, programa de entrenamiento del suelo p\u00e9lvico, t\u00e9cnicas de terapias manuales, electroterapia, biofeedback, punci\u00f3n seca, clases de preparaci\u00f3n al parto, gimnasia abdominal hipopresiva, aprendizaje de t\u00e9cnicas comportamentales, trabajo postural y propioceptivo, etc.<\/span>[\/vc_column_text][\/vc_column][\/vc_row]<\/p>\n","protected":false},"excerpt":{"rendered":"<p>[vc_row][vc_column width=\u00bb1\/2&#8243;][vc_single_image image=\u00bb4293&#8243; img_size=\u00bb500&#215;500&#8243;][\/vc_column][vc_column width=\u00bb1\/2&#8243;][vc_column_text] FISIOTERAPIA UROGINECOLOG\u00cdA Y OBSTETRICIA La funci\u00f3n de la FISIOTERAPIA EN UROGINECOLOG\u00cdA y en OBSTETRICIA es&#8230;<\/p>\n","protected":false},"author":1,"featured_media":0,"parent":0,"menu_order":0,"comment_status":"closed","ping_status":"closed","template":"","meta":{"_monsterinsights_skip_tracking":false,"_monsterinsights_sitenote_active":false,"_monsterinsights_sitenote_note":"","_monsterinsights_sitenote_category":0,"footnotes":""},"class_list":["post-4410","page","type-page","status-publish","hentry"],"_links":{"self":[{"href":"https:\/\/fisioterapiaqualis.es\/index.php?rest_route=\/wp\/v2\/pages\/4410","targetHints":{"allow":["GET"]}}],"collection":[{"href":"https:\/\/fisioterapiaqualis.es\/index.php?rest_route=\/wp\/v2\/pages"}],"about":[{"href":"https:\/\/fisioterapiaqualis.es\/index.php?rest_route=\/wp\/v2\/types\/page"}],"author":[{"embeddable":true,"href":"https:\/\/fisioterapiaqualis.es\/index.php?rest_route=\/wp\/v2\/users\/1"}],"replies":[{"embeddable":true,"href":"https:\/\/fisioterapiaqualis.es\/index.php?rest_route=%2Fwp%2Fv2%2Fcomments&post=4410"}],"version-history":[{"count":26,"href":"https:\/\/fisioterapiaqualis.es\/index.php?rest_route=\/wp\/v2\/pages\/4410\/revisions"}],"predecessor-version":[{"id":4436,"href":"https:\/\/fisioterapiaqualis.es\/index.php?rest_route=\/wp\/v2\/pages\/4410\/revisions\/4436"}],"wp:attachment":[{"href":"https:\/\/fisioterapiaqualis.es\/index.php?rest_route=%2Fwp%2Fv2%2Fmedia&parent=4410"}],"curies":[{"name":"wp","href":"https:\/\/api.w.org\/{rel}","templated":true}]}}